{"id":5,"date":"2019-11-13T06:04:21","date_gmt":"2019-11-13T06:04:21","guid":{"rendered":"http:\/\/vex.test\/?page_id=5"},"modified":"2025-04-03T21:56:18","modified_gmt":"2025-04-03T19:56:18","slug":"bio","status":"publish","type":"page","link":"https:\/\/domenicocurcio.com\/en\/bio\/","title":{"rendered":"Domenico Curcio"},"content":{"rendered":"<h1 class=\"wp-block-heading\">Domenico Curcio<\/h1>\n\n\n\n<figure class=\"wp-block-image size-large\"><img fetchpriority=\"high\" decoding=\"async\" width=\"1024\" height=\"478\" src=\"https:\/\/domenicocurcio.com\/wp-content\/uploads\/2025\/03\/Visuel-Pochette-DC-Face-1920px-1024x478.webp\" alt=\"\" class=\"wp-image-5126\" srcset=\"https:\/\/domenicocurcio.com\/wp-content\/uploads\/2025\/03\/Visuel-Pochette-DC-Face-1920px-1024x478.webp 1024w, https:\/\/domenicocurcio.com\/wp-content\/uploads\/2025\/03\/Visuel-Pochette-DC-Face-1920px-600x280.webp 600w, https:\/\/domenicocurcio.com\/wp-content\/uploads\/2025\/03\/Visuel-Pochette-DC-Face-1920px-300x140.webp 300w, https:\/\/domenicocurcio.com\/wp-content\/uploads\/2025\/03\/Visuel-Pochette-DC-Face-1920px-768x359.webp 768w, https:\/\/domenicocurcio.com\/wp-content\/uploads\/2025\/03\/Visuel-Pochette-DC-Face-1920px-1536x718.webp 1536w, https:\/\/domenicocurcio.com\/wp-content\/uploads\/2025\/03\/Visuel-Pochette-DC-Face-1920px.webp 1920w\" sizes=\"(max-width: 1024px) 100vw, 1024px\" \/><\/figure>\n\n\n\n<p><\/p>\n\n\n\n<h3 class=\"wp-block-heading\"><strong>Composer - Pianist - Independent artist<\/strong><\/h3>\n\n\n\n<p>My name is Domenico Curcio. I'm a Belgian-Italian composer and pianist whose music evokes the sweetness of suspended moments. At the crossroads of neo-classical and film music, my musical universe is characterized by pure melodies, great harmonic sensitivity and a sense of wordless storytelling.<\/p>\n\n\n\n<p>Trained in classical piano as a child in Belgium, I began composing my own works in my teens, inspired by composers such as Michael Nyman, Fr\u00e9d\u00e9ric Chopin, Keith Jarrett and Ludovico Einaudi. Music is an emotional language: it translates what words cannot say and invites contemplation. My piano is a space for breathing, poetry and intimacy.<\/p>\n\n\n\n<h3 class=\"wp-block-heading\"><strong>A career marked by creativity<\/strong><\/h3>\n\n\n\n<p>In 2010, I released my first self-produced album, <em>Piano Solo<\/em> accompanied by an innovative <a href=\"https:\/\/www.youtube.com\/watch?v=F8TqJlMpn2c\" data-type=\"link\" data-id=\"https:\/\/www.youtube.com\/watch?v=F8TqJlMpn2c\" target=\"_blank\" rel=\"noreferrer noopener\">home concerts broadcast live on the internet.<\/a>  The title <strong><em>Petite Valse<\/em> <\/strong>became the centerpiece of a number of documentaries, commercials and audiovisual projects.<\/p>\n\n\n\n<p> In 2017, <em><a href=\"https:\/\/www.licu-film.com\/\" target=\"_blank\" rel=\"noreferrer noopener\">Licu, a Romanian story<\/a><\/em> a documentary featuring exclusively my compositions, will win the Golden Dove for the <a href=\"https:\/\/www.dok-leipzig.de\/en\" target=\"_blank\" rel=\"noreferrer noopener\">Dok Leipzig Festival<\/a>.<\/p>\n\n\n\n<p>Through my compositions, I aim to reach a wide audience in search of romantic, soothing music that invites you to escape.  Each composition is conceived as an experience, combining high artistic standards, aesthetics and emotion.<\/p>\n\n\n\n<h3 class=\"wp-block-heading\"><strong>Artistic creation<\/strong> and entrepreneurship<\/h3>\n\n\n\n<p>As a composer, performer, videographer, photographer and director of my own content, I create my own visual and sound universe: video clips, visuals, live recordings, communication, website... <\/p>\n\n\n\n<p>Thanks to my dual role as artist and entrepreneur, I can manage all my artistic production independently, while collaborating with talented artists (<a href=\"https:\/\/www.gilleshavet-visuals.com\/\" data-type=\"link\" data-id=\"https:\/\/www.gilleshavet-visuals.com\/\" target=\"_blank\" rel=\"noreferrer noopener\">Gilles Havet<\/a>, <a href=\"https:\/\/www.yannickschyns.be\/\" data-type=\"link\" data-id=\"https:\/\/www.yannickschyns.be\/\" target=\"_blank\" rel=\"noreferrer noopener\">Yannick Schyns<\/a>and many others. )<\/p>\n\n\n\n<p>I am also the co-founder of the <strong>Fabulous ID<\/strong>a video production and digital content studio. <\/p>\n\n\n\n<h3 class=\"wp-block-heading\"><strong>Collaborations and opportunities<\/strong><\/h3>\n\n\n\n<p>I am open to any collaboration in the field of :<\/p>\n\n\n\n<ul class=\"wp-block-list\">\n<li>the <strong>concert programming<\/strong> (intimate venues, festivals, contemporary stages)<\/li>\n\n\n\n<li>the <strong>music synchronization<\/strong> (films, documentaries, advertising)<\/li>\n\n\n\n<li>l'<strong>score editing<\/strong> and the publication of collections<\/li>\n\n\n\n<li>the <strong>co-production or distribution<\/strong> artistic projects<\/li>\n<\/ul>\n\n\n\n<h3 class=\"wp-block-heading\"><strong>Listen, feel, share<\/strong><\/h3>\n\n\n\n<ul class=\"wp-block-list\">\n<li>Listen to my music on <a href=\"https:\/\/open.spotify.com\/intl-fr\/artist\/7GqWL3aOvAWpS8Ppk32WZ1\" target=\"_blank\" rel=\"noopener\">Spotify<\/a> or your preferred platform<\/li>\n\n\n\n<li><a href=\"https:\/\/domenicocurcio.com\/en\/newsletter\/\" data-type=\"page\" data-id=\"5060\">Subscribe to our newsletter<\/a> so you don't miss a thing<\/li>\n\n\n\n<li><a href=\"https:\/\/domenicocurcio.com\/en\/contact\/\" data-type=\"page\" data-id=\"72\">Contact me at<\/a> for all collaboration and programming requests<\/li>\n<\/ul>","protected":false},"excerpt":{"rendered":"<p>Domenico Curcio Compositeur \u2013 Pianiste \u2013 Artiste ind\u00e9pendant Je m&rsquo;appelle Domenico Curcio. Je suis un compositeur et pianiste belgo-italien dont la musique \u00e9voque la douceur des moments suspendus. \u00c0 la crois\u00e9e du n\u00e9o-classique et de la musique de film, mon univers musical se distingue par des m\u00e9lodies \u00e9pur\u00e9es, une grande sensibilit\u00e9 harmonique et un sens [&hellip;]<\/p>\n","protected":false},"author":1,"featured_media":5101,"parent":0,"menu_order":0,"comment_status":"closed","ping_status":"closed","template":"","meta":{"footnotes":""},"class_list":["post-5","page","type-page","status-publish","has-post-thumbnail","hentry"],"jetpack_sharing_enabled":true,"_links":{"self":[{"href":"https:\/\/domenicocurcio.com\/en\/wp-json\/wp\/v2\/pages\/5","targetHints":{"allow":["GET"]}}],"collection":[{"href":"https:\/\/domenicocurcio.com\/en\/wp-json\/wp\/v2\/pages"}],"about":[{"href":"https:\/\/domenicocurcio.com\/en\/wp-json\/wp\/v2\/types\/page"}],"author":[{"embeddable":true,"href":"https:\/\/domenicocurcio.com\/en\/wp-json\/wp\/v2\/users\/1"}],"replies":[{"embeddable":true,"href":"https:\/\/domenicocurcio.com\/en\/wp-json\/wp\/v2\/comments?post=5"}],"version-history":[{"count":52,"href":"https:\/\/domenicocurcio.com\/en\/wp-json\/wp\/v2\/pages\/5\/revisions"}],"predecessor-version":[{"id":5308,"href":"https:\/\/domenicocurcio.com\/en\/wp-json\/wp\/v2\/pages\/5\/revisions\/5308"}],"wp:featuredmedia":[{"embeddable":true,"href":"https:\/\/domenicocurcio.com\/en\/wp-json\/wp\/v2\/media\/5101"}],"wp:attachment":[{"href":"https:\/\/domenicocurcio.com\/en\/wp-json\/wp\/v2\/media?parent=5"}],"curies":[{"name":"wp","href":"https:\/\/api.w.org\/{rel}","templated":true}]}}