{"id":5316,"date":"2025-04-03T23:25:57","date_gmt":"2025-04-03T21:25:57","guid":{"rendered":"https:\/\/domenicocurcio.com\/?page_id=5316"},"modified":"2025-04-03T23:25:59","modified_gmt":"2025-04-03T21:25:59","slug":"legal-notice","status":"publish","type":"page","link":"https:\/\/domenicocurcio.com\/en\/legal-notice\/","title":{"rendered":"Terms of use"},"content":{"rendered":"<p><strong>Trade name :<\/strong> DomenicoCurcio.com<br><strong>Publishing company :<\/strong> Fabulous ID SRL<br><strong>Legal form :<\/strong> Limited liability company (SRL)<br><strong>Head office address :<\/strong> Rue de la Moisson, 12 - 1480 Tubize<br><strong>Company number :<\/strong> BE0643855019<br><strong>Intracommunity VAT :<\/strong> BE0643855019<br><strong>Contact email :<\/strong> info@domenicocurcio.com<br><strong>Director of publication:<\/strong> Domenico Curcio<\/p>\n\n\n\n<p>The DomenicoCurcio.com website is an artistic platform for the sale of musical creations, scores, products and the dissemination of information related to the concerts and works of Domenico Curcio.<\/p>\n\n\n\n<p><\/p>","protected":false},"excerpt":{"rendered":"<p>Nom commercial du site : DomenicoCurcio.comEntreprise \u00e9ditrice : Fabulous ID SRLForme juridique : Soci\u00e9t\u00e9 \u00e0 responsabilit\u00e9 limit\u00e9e (SRL)Adresse du si\u00e8ge social : Rue de la Moisson, 12 &#8211; 1480 TubizeNum\u00e9ro d\u2019entreprise : BE0643855019TVA intracommunautaire : BE0643855019Email de contact : info@domenicocurcio.comDirecteur de la publication : Domenico Curcio Le site DomenicoCurcio.com est une plateforme artistique permettant la [&hellip;]<\/p>\n","protected":false},"author":1,"featured_media":0,"parent":0,"menu_order":0,"comment_status":"closed","ping_status":"closed","template":"","meta":{"footnotes":""},"class_list":["post-5316","page","type-page","status-publish","hentry"],"jetpack_sharing_enabled":true,"_links":{"self":[{"href":"https:\/\/domenicocurcio.com\/en\/wp-json\/wp\/v2\/pages\/5316","targetHints":{"allow":["GET"]}}],"collection":[{"href":"https:\/\/domenicocurcio.com\/en\/wp-json\/wp\/v2\/pages"}],"about":[{"href":"https:\/\/domenicocurcio.com\/en\/wp-json\/wp\/v2\/types\/page"}],"author":[{"embeddable":true,"href":"https:\/\/domenicocurcio.com\/en\/wp-json\/wp\/v2\/users\/1"}],"replies":[{"embeddable":true,"href":"https:\/\/domenicocurcio.com\/en\/wp-json\/wp\/v2\/comments?post=5316"}],"version-history":[{"count":1,"href":"https:\/\/domenicocurcio.com\/en\/wp-json\/wp\/v2\/pages\/5316\/revisions"}],"predecessor-version":[{"id":5317,"href":"https:\/\/domenicocurcio.com\/en\/wp-json\/wp\/v2\/pages\/5316\/revisions\/5317"}],"wp:attachment":[{"href":"https:\/\/domenicocurcio.com\/en\/wp-json\/wp\/v2\/media?parent=5316"}],"curies":[{"name":"wp","href":"https:\/\/api.w.org\/{rel}","templated":true}]}}