{"id":4569,"date":"2020-10-07T16:45:41","date_gmt":"2020-10-07T14:45:41","guid":{"rendered":"https:\/\/domenicocurcio.com\/2020\/?post_type=product&#038;p=4569"},"modified":"2025-04-03T19:32:57","modified_gmt":"2025-04-03T17:32:57","slug":"piano-solo-cd","status":"publish","type":"product","link":"https:\/\/domenicocurcio.com\/en\/product\/piano-solo-cd\/","title":{"rendered":"Piano Solo CD"},"content":{"rendered":"<p class=\"p3\">Domenico Curcio's first album, <i>Piano Solo<\/i> is an invitation to softness, reverie and pure emotion. Composed and recorded in 2010, this album features delicate, heartfelt instrumental pieces, somewhere between neo-classical, modern romantic and film music.<\/p>\n<p class=\"p3\">With titles such as <i>Petite Valse<\/i>, <i>Piano Solo<\/i> touches with its simplicity, its light, and its evocative power. Each track tells a story without words, carried by a pure, vibrantly sensitive piano.<\/p>\n<p class=\"p3\">This CD is a great way to extend the musical experience offline, as a gift or for yourself.<\/p>\n<p class=\"p4\">Contains 18 original compositions<\/p>\n<p class=\"p3\"><span class=\"s2\">CD digipack<\/span> - delivered with care<\/p>","protected":false},"excerpt":{"rendered":"<p>Premier album de Domenico Curcio, Piano Solo est une invitation \u00e0 la douceur, \u00e0 la r\u00eaverie et \u00e0 l\u2019\u00e9motion pure. Compos\u00e9 et enregistr\u00e9 en 2010, cet album regroupe des pi\u00e8ces instrumentales d\u00e9licates et sinc\u00e8res, entre n\u00e9o-classique, romantisme moderne et musique de film. Avec des titres comme Petite Valse, Piano Solo touche par sa simplicit\u00e9, sa [&hellip;]<\/p>\n","protected":false},"featured_media":5282,"template":"","meta":[],"product_brand":[],"product_cat":[47],"product_tag":[],"class_list":{"0":"post-4569","1":"product","2":"type-product","3":"status-publish","4":"has-post-thumbnail","6":"product_cat-cd","7":"product_shipping_class-cd","9":"first","10":"instock","11":"taxable","12":"shipping-taxable","13":"purchasable","14":"product-type-simple"},"jetpack_sharing_enabled":true,"_links":{"self":[{"href":"https:\/\/domenicocurcio.com\/en\/wp-json\/wp\/v2\/product\/4569","targetHints":{"allow":["GET"]}}],"collection":[{"href":"https:\/\/domenicocurcio.com\/en\/wp-json\/wp\/v2\/product"}],"about":[{"href":"https:\/\/domenicocurcio.com\/en\/wp-json\/wp\/v2\/types\/product"}],"version-history":[{"count":9,"href":"https:\/\/domenicocurcio.com\/en\/wp-json\/wp\/v2\/product\/4569\/revisions"}],"predecessor-version":[{"id":5167,"href":"https:\/\/domenicocurcio.com\/en\/wp-json\/wp\/v2\/product\/4569\/revisions\/5167"}],"wp:featuredmedia":[{"embeddable":true,"href":"https:\/\/domenicocurcio.com\/en\/wp-json\/wp\/v2\/media\/5282"}],"wp:attachment":[{"href":"https:\/\/domenicocurcio.com\/en\/wp-json\/wp\/v2\/media?parent=4569"}],"wp:term":[{"taxonomy":"product_brand","embeddable":true,"href":"https:\/\/domenicocurcio.com\/en\/wp-json\/wp\/v2\/product_brand?post=4569"},{"taxonomy":"product_cat","embeddable":true,"href":"https:\/\/domenicocurcio.com\/en\/wp-json\/wp\/v2\/product_cat?post=4569"},{"taxonomy":"product_tag","embeddable":true,"href":"https:\/\/domenicocurcio.com\/en\/wp-json\/wp\/v2\/product_tag?post=4569"}],"curies":[{"name":"wp","href":"https:\/\/api.w.org\/{rel}","templated":true}]}}